{"id":178,"date":"2019-10-29T12:26:16","date_gmt":"2019-10-29T12:26:16","guid":{"rendered":"http:\/\/demo.athemes.com\/sydney-temp\/?page_id=178"},"modified":"2023-01-03T12:09:58","modified_gmt":"2023-01-03T12:09:58","slug":"your-page-title-here","status":"publish","type":"page","link":"https:\/\/upgernikaldea.bizkeliza.net\/index.php\/your-page-title-here\/","title":{"rendered":"IRAGARRI ANUNCIAR"},"content":{"rendered":"<p>Katekesia<\/p>\n<p>Gaztetxoak Kosnoaga J\u00f3venes<\/p>\n<p>Familia Pastoraltza Pastoral Familiar<\/p>\n<p>Bizian gora Vida Ascendente<\/p>\n<p>Jesusen taldeak Grupos de Jes\u00fas<\/p>\n<p>Liturgia heziketa Formaci\u00f3n lit\u00fargica<\/p>\n<p><strong>Ikastetxeak<\/strong><\/p>\n<p><a href=\"https:\/\/mertzede.com\/\">Mertzede Ikastetxea<\/a><\/p>\n<p><a href=\"http:\/\/www.sfidelikastola.com\/es\/\">San Fidel Ikastola<\/a><\/p>\n","protected":false},"excerpt":{"rendered":"<p>Katekesia Gaztetxoak Kosnoaga J\u00f3venes Familia Pastoraltza Pastoral Familiar Bizian gora Vida Ascendente Jesusen taldeak Grupos de Jes\u00fas Liturgia heziketa Formaci\u00f3n lit\u00fargica Ikastetxeak Mertzede Ikastetxea San Fidel Ikastola<\/p>\n","protected":false},"author":3,"featured_media":0,"parent":0,"menu_order":0,"comment_status":"closed","ping_status":"closed","template":"","meta":[],"_links":{"self":[{"href":"https:\/\/upgernikaldea.bizkeliza.net\/index.php\/wp-json\/wp\/v2\/pages\/178"}],"collection":[{"href":"https:\/\/upgernikaldea.bizkeliza.net\/index.php\/wp-json\/wp\/v2\/pages"}],"about":[{"href":"https:\/\/upgernikaldea.bizkeliza.net\/index.php\/wp-json\/wp\/v2\/types\/page"}],"author":[{"embeddable":true,"href":"https:\/\/upgernikaldea.bizkeliza.net\/index.php\/wp-json\/wp\/v2\/users\/3"}],"replies":[{"embeddable":true,"href":"https:\/\/upgernikaldea.bizkeliza.net\/index.php\/wp-json\/wp\/v2\/comments?post=178"}],"version-history":[{"count":7,"href":"https:\/\/upgernikaldea.bizkeliza.net\/index.php\/wp-json\/wp\/v2\/pages\/178\/revisions"}],"predecessor-version":[{"id":704,"href":"https:\/\/upgernikaldea.bizkeliza.net\/index.php\/wp-json\/wp\/v2\/pages\/178\/revisions\/704"}],"wp:attachment":[{"href":"https:\/\/upgernikaldea.bizkeliza.net\/index.php\/wp-json\/wp\/v2\/media?parent=178"}],"curies":[{"name":"wp","href":"https:\/\/api.w.org\/{rel}","templated":true}]}}